{"id":2004,"date":"2015-11-17T06:59:03","date_gmt":"2015-11-17T05:59:03","guid":{"rendered":"https:\/\/svtransporte.de\/incoterms\/"},"modified":"2023-03-22T19:07:01","modified_gmt":"2023-03-22T18:07:01","slug":"incoterms","status":"publish","type":"page","link":"https:\/\/svtransporte.de\/pt-pt\/incoterms\/","title":{"rendered":"Incoterms"},"content":{"rendered":"<div class=\"wpb-content-wrapper\"><p>[vc_row][vc_column width=&#8221;1\/4&#8243; offset=&#8221;vc_hidden-sm vc_hidden-xs&#8221;][stm_sidebar sidebar=&#8221;272&#8243;][\/vc_column][vc_column offset=&#8221;vc_col-lg-9 vc_col-md-9&#8243;][vc_column_text css=&#8221;.vc_custom_1447743973079{margin-bottom: 60px !important;}&#8221;]<\/p>\n<h2>O que s\u00e3o Incoterms?<\/h2>\n<p>INCOTERMS s\u00e3o um conjunto de termos comerciais padr\u00e3o de tr\u00eas letras mais comummente utilizados em contratos internacionais para a venda de mercadorias. \u00c9 essencial que esteja ciente dos seus termos de troca antes do envio.[\/vc_column_text][vc_row_inner css=&#8221;.vc_custom_1449205358710{margin-bottom: 0px !important;}&#8221;][vc_column_inner width=&#8221;1\/2&#8243; css=&#8221;.vc_custom_1449205271760{margin-bottom: 30px !important;}&#8221;][vc_column_text css=&#8221;.vc_custom_1447743804044{border-top-width: 1px !important;border-right-width: 1px !important;border-bottom-width: 1px !important;border-left-width: 1px !important;padding-top: 40px !important;padding-right: 30px !important;padding-bottom: 40px !important;padding-left: 30px !important;border-left-color: #e6e6e6 !important;border-left-style: solid !important;border-right-color: #e6e6e6 !important;border-right-style: solid !important;border-top-color: #e6e6e6 !important;border-top-style: solid !important;border-bottom-color: #e6e6e6 !important;border-bottom-style: solid !important;}&#8221;]<\/p>\n<h5>EXW (EX Works)<\/h5>\n<p>EX Works EXW nomeado local Incoterms\u00ae 2010 &#8211; Este termo pode ser utilizado tanto para o com\u00e9rcio nacional como internacional.[\/vc_column_text][\/vc_column_inner][vc_column_inner width=&#8221;1\/2&#8243; css=&#8221;.vc_custom_1449205275416{margin-bottom: 30px !important;}&#8221;][vc_column_text css=&#8221;.vc_custom_1447743844082{border-top-width: 1px !important;border-right-width: 1px !important;border-bottom-width: 1px !important;border-left-width: 1px !important;padding-top: 40px !important;padding-right: 30px !important;padding-bottom: 40px !important;padding-left: 30px !important;border-left-color: #e6e6e6 !important;border-left-style: solid !important;border-right-color: #e6e6e6 !important;border-right-style: solid !important;border-top-color: #e6e6e6 !important;border-top-style: solid !important;border-bottom-color: #e6e6e6 !important;border-bottom-style: solid !important;}&#8221;]<\/p>\n<h5>FCA (Free Carrier)<\/h5>\n<p>Free Carrier FCA nomeado local Incoterms\u00ae 2010 &#8211; Este termo pode ser usado independentemente do modo ou modos de transporte a ser utilizado.[\/vc_column_text][\/vc_column_inner][\/vc_row_inner][vc_row_inner css=&#8221;.vc_custom_1449205362814{margin-bottom: 0px !important;}&#8221;][vc_column_inner width=&#8221;1\/2&#8243; css=&#8221;.vc_custom_1449205285360{margin-bottom: 30px !important;}&#8221;][vc_column_text css=&#8221;.vc_custom_1447744035904{border-top-width: 1px !important;border-right-width: 1px !important;border-bottom-width: 1px !important;border-left-width: 1px !important;padding-top: 40px !important;padding-right: 30px !important;padding-bottom: 40px !important;padding-left: 30px !important;border-left-color: #e6e6e6 !important;border-left-style: solid !important;border-right-color: #e6e6e6 !important;border-right-style: solid !important;border-top-color: #e6e6e6 !important;border-top-style: solid !important;border-bottom-color: #e6e6e6 !important;border-bottom-style: solid !important;}&#8221;]<\/p>\n<h5>CPT (Transporte pago at\u00e9)<\/h5>\n<p>Carriage Paid To CPT named place Incoterms\u00ae 2010 &#8211; Este termo pode ser usado independentemente do modo ou modos de transporte a ser utilizado.[\/vc_column_text][\/vc_column_inner][vc_column_inner width=&#8221;1\/2&#8243; css=&#8221;.vc_custom_1449205289319{margin-bottom: 30px !important;}&#8221;][vc_column_text css=&#8221;.vc_custom_1447744056383{border-top-width: 1px !important;border-right-width: 1px !important;border-bottom-width: 1px !important;border-left-width: 1px !important;padding-top: 40px !important;padding-right: 30px !important;padding-bottom: 40px !important;padding-left: 30px !important;border-left-color: #e6e6e6 !important;border-left-style: solid !important;border-right-color: #e6e6e6 !important;border-right-style: solid !important;border-top-color: #e6e6e6 !important;border-top-style: solid !important;border-bottom-color: #e6e6e6 !important;border-bottom-style: solid !important;}&#8221;]<\/p>\n<h5>CIP (Transporte e seguro pago)<\/h5>\n<p>Carriage and Insurance Paid CIP to named place Incoterms\u00ae 2010 &#8211; Este termo pode ser utilizado independentemente do modo ou modos de transporte a ser utilizado.[\/vc_column_text][\/vc_column_inner][\/vc_row_inner][vc_row_inner css=&#8221;.vc_custom_1449205366726{margin-bottom: 0px !important;}&#8221;][vc_column_inner width=&#8221;1\/2&#8243; css=&#8221;.vc_custom_1449205299487{margin-bottom: 30px !important;}&#8221;][vc_column_text css=&#8221;.vc_custom_1447744091267{border-top-width: 1px !important;border-right-width: 1px !important;border-bottom-width: 1px !important;border-left-width: 1px !important;padding-top: 40px !important;padding-right: 30px !important;padding-bottom: 40px !important;padding-left: 30px !important;border-left-color: #e6e6e6 !important;border-left-style: solid !important;border-right-color: #e6e6e6 !important;border-right-style: solid !important;border-top-color: #e6e6e6 !important;border-top-style: solid !important;border-bottom-color: #e6e6e6 !important;border-bottom-style: solid !important;}&#8221;]<\/p>\n<h5>DAT (Entregue no Terminal)<\/h5>\n<p>Entregue no Terminal DAT denominado local Incoterms\u00ae 2010 &#8211; Este termo pode ser utilizado independentemente do modo ou modos de transporte a ser utilizado.  [\/vc_column_text][\/vc_column_inner][vc_column_inner width=&#8221;1\/2&#8243; css=&#8221;.vc_custom_1449205304478{margin-bottom: 30px !important;}&#8221;][vc_column_text css=&#8221;.vc_custom_1447744107979{border-top-width: 1px !important;border-right-width: 1px !important;border-bottom-width: 1px !important;border-left-width: 1px !important;padding-top: 40px !important;padding-right: 30px !important;padding-bottom: 40px !important;padding-left: 30px !important;border-left-color: #e6e6e6 !important;border-left-style: solid !important;border-right-color: #e6e6e6 !important;border-right-style: solid !important;border-top-color: #e6e6e6 !important;border-top-style: solid !important;border-bottom-color: #e6e6e6 !important;border-bottom-style: solid !important;}&#8221;]<\/p>\n<h5>DAP (Entregue no Local)<\/h5>\n<p>Entregue no Local DAP denominado Place Incoterms\u00ae 2010 &#8211; Este termo pode ser utilizado independentemente do modo ou modos de transporte que ser\u00e3o utilizados.[\/vc_column_text][\/vc_column_inner][\/vc_row_inner][vc_row_inner css=&#8221;.vc_custom_1449205370636{margin-bottom: 0px !important;}&#8221;][vc_column_inner width=&#8221;1\/2&#8243; css=&#8221;.vc_custom_1449205314631{margin-bottom: 30px !important;}&#8221;][vc_column_text css=&#8221;.vc_custom_1447744151114{border-top-width: 1px !important;border-right-width: 1px !important;border-bottom-width: 1px !important;border-left-width: 1px !important;padding-top: 40px !important;padding-right: 30px !important;padding-bottom: 40px !important;padding-left: 30px !important;border-left-color: #e6e6e6 !important;border-left-style: solid !important;border-right-color: #e6e6e6 !important;border-right-style: solid !important;border-top-color: #e6e6e6 !important;border-top-style: solid !important;border-bottom-color: #e6e6e6 !important;border-bottom-style: solid !important;}&#8221;]<\/p>\n<h5>DDP (Delivered Duty Paid)<\/h5>\n<p>Delivered Duty Paid DDP nomeado local de destino Incoterms\u00ae 2010 &#8211; Este termo pode ser utilizado independentemente do modo ou modos de transporte que possam ser utilizados.[\/vc_column_text][\/vc_column_inner][vc_column_inner width=&#8221;1\/2&#8243; css=&#8221;.vc_custom_1449205320310{margin-bottom: 30px !important;}&#8221;][vc_column_text css=&#8221;.vc_custom_1447744180049{border-top-width: 1px !important;border-right-width: 1px !important;border-bottom-width: 1px !important;border-left-width: 1px !important;padding-top: 40px !important;padding-right: 30px !important;padding-bottom: 40px !important;padding-left: 30px !important;border-left-color: #e6e6e6 !important;border-left-style: solid !important;border-right-color: #e6e6e6 !important;border-right-style: solid !important;border-top-color: #e6e6e6 !important;border-top-style: solid !important;border-bottom-color: #e6e6e6 !important;border-bottom-style: solid !important;}&#8221;]<\/p>\n<h5>FAS (Free Alongside Ship)<\/h5>\n<p>Free Alongside Ship FAS nomeado porto de embarque Incoterms\u00ae 2010 &#8211; O vendedor entrega a mercadoria quando esta \u00e9 colocada ao lado do navio nomeado[\/vc_column_text][\/vc_column_inner][\/vc_row_inner][vc_row_inner css=&#8221;.vc_custom_1449205379621{margin-bottom: 0px !important;}&#8221;][vc_column_inner width=&#8221;1\/2&#8243; css=&#8221;.vc_custom_1449205334719{margin-bottom: 30px !important;}&#8221;][vc_column_text css=&#8221;.vc_custom_1447744222714{border-top-width: 1px !important;border-right-width: 1px !important;border-bottom-width: 1px !important;border-left-width: 1px !important;padding-top: 40px !important;padding-right: 30px !important;padding-bottom: 40px !important;padding-left: 30px !important;border-left-color: #e6e6e6 !important;border-left-style: solid !important;border-right-color: #e6e6e6 !important;border-right-style: solid !important;border-top-color: #e6e6e6 !important;border-top-style: solid !important;border-bottom-color: #e6e6e6 !important;border-bottom-style: solid !important;}&#8221;]<\/p>\n<h5>FOB (Free on Board)<\/h5>\n<p>Free On Board FOB nomeado porto de embarque Incoterms\u00ae 2010 &#8211; H\u00e1 uma mudan\u00e7a significativa em rela\u00e7\u00e3o ao significado deste termo em revis\u00f5es anteriores do Incoterms\u00ae 2010.[\/vc_column_text][\/vc_column_inner][vc_column_inner width=&#8221;1\/2&#8243; css=&#8221;.vc_custom_1449205338110{margin-bottom: 30px !important;}&#8221;][vc_column_text css=&#8221;.vc_custom_1447744238353{border-top-width: 1px !important;border-right-width: 1px !important;border-bottom-width: 1px !important;border-left-width: 1px !important;padding-top: 40px !important;padding-right: 30px !important;padding-bottom: 40px !important;padding-left: 30px !important;border-left-color: #e6e6e6 !important;border-left-style: solid !important;border-right-color: #e6e6e6 !important;border-right-style: solid !important;border-top-color: #e6e6e6 !important;border-top-style: solid !important;border-bottom-color: #e6e6e6 !important;border-bottom-style: solid !important;}&#8221;]<\/p>\n<h5>CFR (Cost &amp; Freight)<\/h5>\n<p>Cost and Freight CFR nomeado porto de destino Incoterms\u00ae 2010 &#8211; Esta regra destina-se a ser utilizada apenas quando o transporte \u00e9 efectuado por via mar\u00edtima ou fluvial.[\/vc_column_text][\/vc_column_inner][\/vc_row_inner][vc_row_inner css=&#8221;.vc_custom_1447744004634{margin-bottom: 30px !important;}&#8221;][vc_column_inner width=&#8221;1\/2&#8243;][vc_column_text css=&#8221;.vc_custom_1447744263927{border-top-width: 1px !important;border-right-width: 1px !important;border-bottom-width: 1px !important;border-left-width: 1px !important;padding-top: 40px !important;padding-right: 30px !important;padding-bottom: 40px !important;padding-left: 30px !important;border-left-color: #e6e6e6 !important;border-left-style: solid !important;border-right-color: #e6e6e6 !important;border-right-style: solid !important;border-top-color: #e6e6e6 !important;border-top-style: solid !important;border-bottom-color: #e6e6e6 !important;border-bottom-style: solid !important;}&#8221;]<\/p>\n<h5>CIF (Seguro de Custos e Frete)<\/h5>\n<p>Seguro de Custos e Frete CIF denominado porto de destino Incoterms\u00ae 2010 &#8211; Este termo deve ser utilizado apenas quando o transporte \u00e9 por mar ou via naveg\u00e1vel interior.[\/vc_column_text][\/vc_column_inner][vc_column_inner width=&#8221;1\/2&#8243;][\/vc_column_inner][\/vc_row_inner][\/vc_column][\/vc_row]<\/p>\n<\/div>","protected":false},"excerpt":{"rendered":"<p>[vc_row][vc_column width=&#8221;1\/4&#8243; offset=&#8221;vc_hidden-sm vc_hidden-xs&#8221;][stm_sidebar sidebar=&#8221;272&#8243;][\/vc_column][vc_column offset=&#8221;vc_col-lg-9 vc_col-md-9&#8243;][vc_column_text css=&#8221;.vc_custom_1447743973079{margin-bottom: 60px !important;}&#8221;] O que s\u00e3o Incoterms? INCOTERMS s\u00e3o um conjunto de termos comerciais padr\u00e3o de tr\u00eas letras mais comummente utilizados em contratos internacionais para a&#8230;<\/p>\n","protected":false},"author":1,"featured_media":0,"parent":0,"menu_order":0,"comment_status":"closed","ping_status":"closed","template":"","meta":{"footnotes":""},"class_list":["post-2004","page","type-page","status-publish","hentry"],"_links":{"self":[{"href":"https:\/\/svtransporte.de\/pt-pt\/wp-json\/wp\/v2\/pages\/2004","targetHints":{"allow":["GET"]}}],"collection":[{"href":"https:\/\/svtransporte.de\/pt-pt\/wp-json\/wp\/v2\/pages"}],"about":[{"href":"https:\/\/svtransporte.de\/pt-pt\/wp-json\/wp\/v2\/types\/page"}],"author":[{"embeddable":true,"href":"https:\/\/svtransporte.de\/pt-pt\/wp-json\/wp\/v2\/users\/1"}],"replies":[{"embeddable":true,"href":"https:\/\/svtransporte.de\/pt-pt\/wp-json\/wp\/v2\/comments?post=2004"}],"version-history":[{"count":1,"href":"https:\/\/svtransporte.de\/pt-pt\/wp-json\/wp\/v2\/pages\/2004\/revisions"}],"predecessor-version":[{"id":2006,"href":"https:\/\/svtransporte.de\/pt-pt\/wp-json\/wp\/v2\/pages\/2004\/revisions\/2006"}],"wp:attachment":[{"href":"https:\/\/svtransporte.de\/pt-pt\/wp-json\/wp\/v2\/media?parent=2004"}],"curies":[{"name":"wp","href":"https:\/\/api.w.org\/{rel}","templated":true}]}}