{"id":2002,"date":"2015-11-24T05:41:19","date_gmt":"2015-11-24T04:41:19","guid":{"rendered":"https:\/\/svtransporte.de\/servicos\/"},"modified":"2023-03-24T19:42:16","modified_gmt":"2023-03-24T18:42:16","slug":"servicos","status":"publish","type":"page","link":"https:\/\/svtransporte.de\/pt-pt\/servicos\/","title":{"rendered":"Servi\u00e7os"},"content":{"rendered":"<div class=\"wpb-content-wrapper\"><p>[vc_row css=&#8221;.vc_custom_1448347192284{margin-bottom: 70px !important;}&#8221;][vc_column offset=&#8221;vc_col-lg-4 vc_col-md-4&#8243;][vc_column_text css=&#8221;.vc_custom_1675620462281{margin-bottom: 40px !important;}&#8221;]<\/p>\n<h2>Qualidade e desempenho pelo pre\u00e7o certo<\/h2>\n<p>[\/vc_column_text][\/vc_column][vc_column width=&#8221;1\/2&#8243; offset=&#8221;vc_col-lg-4 vc_col-md-4&#8243;][vc_column_text]Gostaria de ter os seus bens transportados de forma fi\u00e1vel e pontual de A a B? SV-Transporte na zona de M\u00fcnster \u00e9 o seu contacto experiente para os transportes nacionais e internacionais.<\/p>\n<p>Estamos na estrada para si em toda a Europa com a nossa pr\u00f3pria frota de ve\u00edculos.[\/vc_column_text][\/vc_column][vc_column width=&#8221;1\/2&#8243; offset=&#8221;vc_col-lg-4 vc_col-md-4&#8243;][vc_column_text][\/vc_column_text][\/vc_column][\/vc_row][vc_row full_width=&#8221;stretch_row&#8221; css=&#8221;.vc_custom_1448346440762{margin-bottom: 0px !important;padding-top: 80px !important;padding-bottom: 60px !important;background-color: #1b4562 !important;}&#8221;][vc_column][vc_row_inner css=&#8221;.vc_custom_1449136946410{margin-bottom: 0px !important;}&#8221;][vc_column_inner width=&#8221;1\/2&#8243; css=&#8221;.vc_custom_1449136957585{margin-bottom: 35px !important;}&#8221;][stm_icon icon_size=&#8221;73&#8243; icon_height=&#8221;100&#8243; title_font_size=&#8221;24&#8243; title_font_weight=&#8221;700&#8243; icon=&#8221;stm-transport842&#8243; title=&#8221;\u00e0 escala europeia&#8221; text=&#8221;Os nossos muitos anos de experi\u00eancia e um profissionalismo excepcional garantem uma fiabilidade absoluta para os transportes na Europa Ocidental.&#8221; link=&#8221;url:%2Fservices%2Feuropaweit%2F&#8221; title_color=&#8221;#ffffff&#8221; text_color=&#8221;#ffffff&#8221;][\/vc_column_inner][vc_column_inner width=&#8221;1\/2&#8243; css=&#8221;.vc_custom_1449136961602{margin-bottom: 35px !important;}&#8221;][stm_icon icon_size=&#8221;89&#8243; icon_height=&#8221;100&#8243; title_font_size=&#8221;24&#8243; title_font_weight=&#8221;700&#8243; icon=&#8221;stm-transport868&#8243; title=&#8221;Overnight Express&#8221; text=&#8221;Tempos individuais de entrega e recolha &#8211; mesmo durante a noite, se necess\u00e1rio.&#8221; title_color=&#8221;#ffffff&#8221; text_color=&#8221;#ffffff&#8221; link=&#8221;url:%2Fservices%2Fover-night%2F&#8221;][\/vc_column_inner][\/vc_row_inner][vc_row_inner css=&#8221;.vc_custom_1449136951770{margin-bottom: 0px !important;}&#8221;][vc_column_inner width=&#8221;1\/2&#8243; css=&#8221;.vc_custom_1449136966415{margin-bottom: 35px !important;}&#8221;][stm_icon icon_size=&#8221;89&#8243; icon_height=&#8221;100&#8243; title_font_size=&#8221;24&#8243; title_font_weight=&#8221;700&#8243; icon=&#8221;stm-transport862&#8243; title=&#8221;Tr\u00e1fego de distribui\u00e7\u00e3o&#8221; text=&#8221;Os nossos cami\u00f5es de diferentes tamanhos permitem-nos ser ainda mais flex\u00edveis nas nossas opera\u00e7\u00f5es. Isto permite-nos entregar cargas espec\u00edficas no seu destino ainda mais rapidamente. Tamb\u00e9m para entregas di\u00e1rias&#8221; title_color=&#8221;#ffffff&#8221; text_color=&#8221;#ffffff&#8221; link=&#8221;url:%2Fservices%2Fverteilerverkehr%2F&#8221;][\/vc_column_inner][vc_column_inner width=&#8221;1\/2&#8243; css=&#8221;.vc_custom_1449136971250{margin-bottom: 35px !important;}&#8221;][stm_icon icon_size=&#8221;89&#8243; icon_height=&#8221;100&#8243; title_font_size=&#8221;24&#8243; title_font_weight=&#8221;700&#8243; icon=&#8221;stm-transport858&#8243; title=&#8221;Transmiss\u00e3o directa&#8221; text=&#8221;Recolha e entrega directa, sem outra paragem.&#8221; title_color=&#8221;#ffffff&#8221; text_color=&#8221;#ffffff&#8221; link=&#8221;url:%2Fservices%2Fdirektfahrt%2F&#8221;][\/vc_column_inner][\/vc_row_inner][\/vc_column][\/vc_row][vc_row full_width=&#8221;stretch_row&#8221; el_class=&#8221;secondary_bg_color&#8221; css=&#8221;.vc_custom_1448346766847{margin-bottom: 80px !important;}&#8221;][vc_column][vc_cta h2=&#8221;Nicht sicher welche Leistung f\u00fcr Sie die passende ist?&#8221; shape=&#8221;square&#8221; add_button=&#8221;right&#8221; btn_title=&#8221;Jetzt Kontaktieren&#8221; btn_style=&#8221;outline&#8221; btn_shape=&#8221;round&#8221; btn_color=&#8221;white&#8221; btn_i_align=&#8221;right&#8221; btn_i_icon_fontawesome=&#8221;stm-arrow-next&#8221; btn_add_icon=&#8221;true&#8221; el_class=&#8221;secondary_bg_color&#8221; btn_link=&#8221;url:%2Fkontakt%2F&#8221;][\/vc_cta][\/vc_column][\/vc_row][vc_row css=&#8221;.vc_custom_1449137019491{margin-bottom: 40px !important;}&#8221;][vc_column width=&#8221;1\/2&#8243;][vc_column_text css=&#8221;.vc_custom_1678486409429{margin-bottom: 30px !important;}&#8221;]<\/p>\n<h3>Sempre tecnicamente actualizado<\/h3>\n<p>Uma frota moderna combinada com as \u00faltimas tecnologias s\u00e3o a garantia de crescimento e fazem da SV Transporte um parceiro eficiente.<\/p>\n<p>Os nossos ve\u00edculos est\u00e3o equipados com todas as tecnologias de comunica\u00e7\u00e3o e localiza\u00e7\u00e3o, permitindo assim um bom funcionamento, mesmo em caso de avaria.[\/vc_column_text][\/vc_column][vc_column width=&#8221;1\/2&#8243;][vc_single_image image=&#8221;1726&#8243; img_size=&#8221;full&#8221; alignment=&#8221;right&#8221;][\/vc_column][\/vc_row][vc_row full_width=&#8221;stretch_row_content_no_spaces&#8221; equal_height=&#8221;yes&#8221; content_placement=&#8221;top&#8221; el_class=&#8221;secondary_bg_color services_icons reset-sm-paddings&#8221; css=&#8221;.vc_custom_1450671531930{margin-bottom: 0px !important;}&#8221;][vc_column css=&#8221;.vc_custom_1449204255225{padding-top: 75px !important;padding-right: 115px !important;padding-bottom: 75px !important;padding-left: 115px !important;}&#8221; offset=&#8221;vc_col-lg-4 vc_col-md-4&#8243;][stm_icon icon_size=&#8221;67&#8243; icon_height=&#8221;90&#8243; title_font_size=&#8221;24&#8243; title_font_weight=&#8221;700&#8243; align=&#8221;center&#8221; icon=&#8221;stm-security&#8221; title=&#8221;Seguro e protegido&#8221; text=&#8221;Beneficia da nossa experi\u00eancia no fornecimento de solu\u00e7\u00f5es eficazes para as complexas cadeias de fornecimento globais de algumas das maiores empresas do mundo.&#8221; icon_color=&#8221;#ffffff&#8221; title_color=&#8221;#ffffff&#8221; text_color=&#8221;#ffffff&#8221;][\/vc_column][vc_column css=&#8221;.vc_custom_1449204260881{padding-top: 75px !important;padding-right: 115px !important;padding-bottom: 75px !important;padding-left: 115px !important;background-color: rgba(0,0,0,0.1) !important;*background-color: rgb(0,0,0) !important;}&#8221; offset=&#8221;vc_col-lg-4 vc_col-md-4&#8243;][stm_icon icon_size=&#8221;67&#8243; icon_height=&#8221;90&#8243; title_font_size=&#8221;24&#8243; title_font_weight=&#8221;700&#8243; align=&#8221;center&#8221; icon=&#8221;stm-fast-delivery&#8221; title=&#8221;Entrega r\u00e1pida&#8221; text=&#8221;Beneficia de cada inova\u00e7\u00e3o, quer se trate de uma simples expans\u00e3o da nossa frota ou de um maior desenvolvimento no armazenamento.&#8221; icon_color=&#8221;#ffffff&#8221; title_color=&#8221;#ffffff&#8221; text_color=&#8221;#ffffff&#8221;][\/vc_column][vc_column css=&#8221;.vc_custom_1449204266169{padding-top: 75px !important;padding-right: 115px !important;padding-bottom: 75px !important;padding-left: 115px !important;background-color: rgba(0,0,0,0.2) !important;*background-color: rgb(0,0,0) !important;}&#8221; offset=&#8221;vc_col-lg-4 vc_col-md-4&#8243;][stm_icon icon_size=&#8221;67&#8243; icon_height=&#8221;90&#8243; title_font_size=&#8221;24&#8243; title_font_weight=&#8221;700&#8243; align=&#8221;center&#8221; icon=&#8221;stm-support&#8221; title=&#8221;Apoio 24\/7&#8243; text=&#8221;Tudo isto explica porque encontrar\u00e1 a excelente equipa de apoio da SV Transporte pronta a aplicar a sua paix\u00e3o por solu\u00e7\u00f5es para apoiar o seu neg\u00f3cio.&#8221; icon_color=&#8221;#ffffff&#8221; title_color=&#8221;#ffffff&#8221; text_color=&#8221;#ffffff&#8221;][\/vc_column][\/vc_row]<\/p>\n<\/div>","protected":false},"excerpt":{"rendered":"<p>[vc_row css=&#8221;.vc_custom_1448347192284{margin-bottom: 70px !important;}&#8221;][vc_column offset=&#8221;vc_col-lg-4 vc_col-md-4&#8243;][vc_column_text css=&#8221;.vc_custom_1675620462281{margin-bottom: 40px !important;}&#8221;] Qualidade e desempenho pelo pre\u00e7o certo [\/vc_column_text][\/vc_column][vc_column width=&#8221;1\/2&#8243; offset=&#8221;vc_col-lg-4 vc_col-md-4&#8243;][vc_column_text]Gostaria de ter os seus bens transportados de forma fi\u00e1vel e pontual de A a&#8230;<\/p>\n","protected":false},"author":1,"featured_media":0,"parent":0,"menu_order":0,"comment_status":"closed","ping_status":"closed","template":"","meta":{"footnotes":""},"class_list":["post-2002","page","type-page","status-publish","hentry"],"_links":{"self":[{"href":"https:\/\/svtransporte.de\/pt-pt\/wp-json\/wp\/v2\/pages\/2002","targetHints":{"allow":["GET"]}}],"collection":[{"href":"https:\/\/svtransporte.de\/pt-pt\/wp-json\/wp\/v2\/pages"}],"about":[{"href":"https:\/\/svtransporte.de\/pt-pt\/wp-json\/wp\/v2\/types\/page"}],"author":[{"embeddable":true,"href":"https:\/\/svtransporte.de\/pt-pt\/wp-json\/wp\/v2\/users\/1"}],"replies":[{"embeddable":true,"href":"https:\/\/svtransporte.de\/pt-pt\/wp-json\/wp\/v2\/comments?post=2002"}],"version-history":[{"count":1,"href":"https:\/\/svtransporte.de\/pt-pt\/wp-json\/wp\/v2\/pages\/2002\/revisions"}],"predecessor-version":[{"id":2003,"href":"https:\/\/svtransporte.de\/pt-pt\/wp-json\/wp\/v2\/pages\/2002\/revisions\/2003"}],"wp:attachment":[{"href":"https:\/\/svtransporte.de\/pt-pt\/wp-json\/wp\/v2\/media?parent=2002"}],"curies":[{"name":"wp","href":"https:\/\/api.w.org\/{rel}","templated":true}]}}