{"id":2000,"date":"2015-12-02T10:34:15","date_gmt":"2015-12-02T09:34:15","guid":{"rendered":"https:\/\/svtransporte.de\/pedir-uma-citacao\/"},"modified":"2023-03-22T19:06:59","modified_gmt":"2023-03-22T18:06:59","slug":"pedir-uma-citacao","status":"publish","type":"page","link":"https:\/\/svtransporte.de\/pt-pt\/pedir-uma-citacao\/","title":{"rendered":"Pedir uma cita\u00e7\u00e3o"},"content":{"rendered":"<div class=\"wpb-content-wrapper\"><p>[vc_row css=&#8221;.vc_custom_1449205477020{margin-bottom: 60px !important;}&#8221;][vc_column][vc_custom_heading text=&#8221;Pedir uma cita\u00e7\u00e3o&#8221; font_container=&#8221;tag:h3|text_align:left&#8221; use_theme_fonts=&#8221;yes&#8221;]\n<div class=\"wpcf7 no-js\" id=\"wpcf7-f208-o1\" lang=\"en-US\" dir=\"ltr\" data-wpcf7-id=\"208\">\n<div class=\"screen-reader-response\"><p role=\"status\" aria-live=\"polite\" aria-atomic=\"true\"><\/p> <ul><\/ul><\/div>\n<form action=\"\/pt-pt\/wp-json\/wp\/v2\/pages\/2000#wpcf7-f208-o1\" method=\"post\" class=\"wpcf7-form init\" aria-label=\"Contact form\" novalidate=\"novalidate\" data-status=\"init\">\n<div style=\"display: none;\">\n<input type=\"hidden\" name=\"_wpcf7\" value=\"208\" \/>\n<input type=\"hidden\" name=\"_wpcf7_version\" value=\"6.0.4\" \/>\n<input type=\"hidden\" name=\"_wpcf7_locale\" value=\"en_US\" \/>\n<input type=\"hidden\" name=\"_wpcf7_unit_tag\" value=\"wpcf7-f208-o1\" \/>\n<input type=\"hidden\" name=\"_wpcf7_container_post\" value=\"0\" \/>\n<input type=\"hidden\" name=\"_wpcf7_posted_data_hash\" value=\"\" \/>\n<\/div>\n<div class=\"request_quote\">\n\t<div class=\"row\">\n\t\t<div class=\"col-lg-6 col-md-6 col-sm-6 col-xs-12\">\n\t\t\t<div class=\"input-group\">\n\t\t\t\t<p><span class=\"wpcf7-form-control-wrap\" data-name=\"freight_type\"><select class=\"wpcf7-form-control wpcf7-select\" aria-invalid=\"false\" name=\"freight_type\"><option value=\"\">Freight Type<\/option><option value=\"Road Transportation\">Road Transportation<\/option><option value=\"Air Transportation\">Air Transportation<\/option><option value=\"Sea Transportation\">Sea Transportation<\/option><option value=\"Warehousing\">Warehousing<\/option><\/select><\/span>\n\t\t\t\t<\/p>\n\t\t\t<\/div>\n\t\t\t<div class=\"input-group\">\n\t\t\t\t<p><span class=\"wpcf7-form-control-wrap\" data-name=\"departure_city\"><input size=\"40\" maxlength=\"400\" class=\"wpcf7-form-control wpcf7-text wpcf7-validates-as-required\" aria-required=\"true\" aria-invalid=\"false\" placeholder=\"City of departure\" value=\"\" type=\"text\" name=\"departure_city\" \/><\/span>\n\t\t\t\t<\/p>\n\t\t\t<\/div>\n\t\t\t<div class=\"input-group\">\n\t\t\t\t<p><span class=\"wpcf7-form-control-wrap\" data-name=\"delivery_city\"><input size=\"40\" maxlength=\"400\" class=\"wpcf7-form-control wpcf7-text\" aria-invalid=\"false\" placeholder=\"Delivery city\" value=\"\" type=\"text\" name=\"delivery_city\" \/><\/span>\n\t\t\t\t<\/p>\n\t\t\t<\/div>\n\t\t\t<div class=\"input-group\">\n\t\t\t\t<p><span class=\"wpcf7-form-control-wrap\" data-name=\"incoterms\"><select class=\"wpcf7-form-control wpcf7-select\" aria-invalid=\"false\" name=\"incoterms\"><option value=\"\">Incoterms<\/option><option value=\"EXW\">EXW<\/option><option value=\"FCA\">FCA<\/option><option value=\"CPT\">CPT<\/option><option value=\"CIP\">CIP<\/option><option value=\"DAT\">DAT<\/option><option value=\"DAP\">DAP<\/option><option value=\"DDP\">DDP<\/option><option value=\"FAS\">FAS<\/option><option value=\"FOB\">FOB<\/option><option value=\"CFR\">CFR<\/option><option value=\"CIF\">CIF<\/option><\/select><\/span>\n\t\t\t\t<\/p>\n\t\t\t<\/div>\n\t\t\t<div class=\"input-group\">\n\t\t\t\t<p><span class=\"wpcf7-form-control-wrap\" data-name=\"total_weight\"><input size=\"40\" maxlength=\"400\" class=\"wpcf7-form-control wpcf7-text\" aria-invalid=\"false\" placeholder=\"Total gross weight (KG)\" value=\"\" type=\"text\" name=\"total_weight\" \/><\/span>\n\t\t\t\t<\/p>\n\t\t\t<\/div>\n\t\t<\/div>\n\t\t<div class=\"col-lg-6 col-md-6 col-sm-6 col-xs-12\">\n\t\t\t<div class=\"input-group\">\n\t\t\t\t<p><span class=\"wpcf7-form-control-wrap\" data-name=\"dimension\"><input size=\"40\" maxlength=\"400\" class=\"wpcf7-form-control wpcf7-text\" aria-invalid=\"false\" placeholder=\"Dimension\" value=\"\" type=\"text\" name=\"dimension\" \/><\/span>\n\t\t\t\t<\/p>\n\t\t\t<\/div>\n\t\t\t<div class=\"input-group\">\n\t\t\t\t<p><span class=\"wpcf7-form-control-wrap\" data-name=\"email\"><input size=\"40\" maxlength=\"400\" class=\"wpcf7-form-control wpcf7-email wpcf7-validates-as-required wpcf7-text wpcf7-validates-as-email\" aria-required=\"true\" aria-invalid=\"false\" placeholder=\"Email\" value=\"\" type=\"email\" name=\"email\" \/><\/span>\n\t\t\t\t<\/p>\n\t\t\t<\/div>\n\t\t\t<div class=\"input-group\">\n\t\t\t\t<p><span class=\"wpcf7-form-control-wrap\" data-name=\"message\"><textarea cols=\"40\" rows=\"10\" maxlength=\"2000\" class=\"wpcf7-form-control wpcf7-textarea\" aria-invalid=\"false\" placeholder=\"Message\" name=\"message\"><\/textarea><\/span>\n\t\t\t\t<\/p>\n\t\t\t<\/div>\n\t\t\t<div class=\"input-group\">\n\t\t\t\t<p><button class=\"button size-sm fullwidth white-text theme-wpcf7-submit\">Submit <i class=\"stm-arrow-next\"><\/i><\/button>\n\t\t\t\t<\/p>\n\t\t\t<\/div>\n\t\t<\/div>\n\t<\/div>\n<\/div><p style=\"display: none !important;\" class=\"akismet-fields-container\" data-prefix=\"_wpcf7_ak_\"><label>&#916;<textarea name=\"_wpcf7_ak_hp_textarea\" cols=\"45\" rows=\"8\" maxlength=\"100\"><\/textarea><\/label><input type=\"hidden\" id=\"ak_js_1\" name=\"_wpcf7_ak_js\" value=\"87\"\/><script>document.getElementById( \"ak_js_1\" ).setAttribute( \"value\", ( new Date() ).getTime() );<\/script><\/p><div class=\"wpcf7-response-output\" aria-hidden=\"true\"><\/div>\n<\/form>\n<\/div>\n[\/vc_column][\/vc_row][vc_row full_width=&#8221;stretch_row_content_no_spaces&#8221; el_class=&#8221;secondary_bg_color convert_to_table services_icons&#8221; css=&#8221;.vc_custom_1449204239642{margin-bottom: 0px !important;}&#8221;][vc_column css=&#8221;.vc_custom_1449204255225{padding-top: 75px !important;padding-right: 115px !important;padding-bottom: 75px !important;padding-left: 115px !important;}&#8221; offset=&#8221;vc_col-lg-4 vc_col-md-4&#8243;][stm_icon icon_size=&#8221;67&#8243; icon_height=&#8221;90&#8243; title_font_size=&#8221;24&#8243; title_font_weight=&#8221;700&#8243; align=&#8221;center&#8221; icon=&#8221;stm-security&#8221; title=&#8221;Seguro e protegido&#8221; text=&#8221;Beneficia da nossa experi\u00eancia em fornecer solu\u00e7\u00f5es eficazes para as complexas cadeias de fornecimento globais de algumas das maiores corpora\u00e7\u00f5es mundiais.&#8221; icon_color=&#8221;#ffffff&#8221; title_color=&#8221;#ffffff&#8221; text_color=&#8221;#ffffff&#8221;][\/vc_column][vc_column css=&#8221;.vc_custom_1449204260881{padding-top: 75px !important;padding-right: 115px !important;padding-bottom: 75px !important;padding-left: 115px !important;background-color: rgba(0,0,0,0.1) !important;*background-color: rgb(0,0,0) !important;}&#8221; offset=&#8221;vc_col-lg-4 vc_col-md-4&#8243;][stm_icon icon_size=&#8221;67&#8243; icon_height=&#8221;90&#8243; title_font_size=&#8221;24&#8243; title_font_weight=&#8221;700&#8243; align=&#8221;center&#8221; icon=&#8221;stm-fast-delivery&#8221; title=&#8221;Entrega r\u00e1pida&#8221; text=&#8221;Beneficia de todas as inova\u00e7\u00f5es, quer se trate de uma simples extens\u00e3o aos nossos produtos de Carga A\u00e9rea e Mar\u00edtima, quer se trate de um desenvolvimento no armazenamento.&#8221; icon_color=&#8221;#ffffff&#8221; title_color=&#8221;#ffffff&#8221; text_color=&#8221;#ffffff&#8221;][\/vc_column][vc_column css=&#8221;.vc_custom_1449204266169{padding-top: 75px !important;padding-right: 115px !important;padding-bottom: 75px !important;padding-left: 115px !important;background-color: rgba(0,0,0,0.2) !important;*background-color: rgb(0,0,0) !important;}&#8221; offset=&#8221;vc_col-lg-4 vc_col-md-4&#8243;][stm_icon icon_size=&#8221;67&#8243; icon_height=&#8221;90&#8243; title_font_size=&#8221;24&#8243; title_font_weight=&#8221;700&#8243; align=&#8221;center&#8221; icon=&#8221;stm-support&#8221; title=&#8221;Apoio 24\/7&#8243; text=&#8221;Tudo isto explica porque encontrar\u00e1 a equipa de apoio excepcional na TransCargo pronta a aplicar a sua paix\u00e3o por solu\u00e7\u00f5es de apoio ao seu neg\u00f3cio.&#8221; icon_color=&#8221;#ffffff&#8221; title_color=&#8221;#ffffff&#8221; text_color=&#8221;#ffffff&#8221;][\/vc_column][\/vc_row]<\/p>\n<\/div>","protected":false},"excerpt":{"rendered":"<p>[vc_row css=&#8221;.vc_custom_1449205477020{margin-bottom: 60px !important;}&#8221;][vc_column][vc_custom_heading text=&#8221;Pedir uma cita\u00e7\u00e3o&#8221; font_container=&#8221;tag:h3|text_align:left&#8221; use_theme_fonts=&#8221;yes&#8221;][\/vc_column][\/vc_row][vc_row full_width=&#8221;stretch_row_content_no_spaces&#8221; el_class=&#8221;secondary_bg_color convert_to_table services_icons&#8221; css=&#8221;.vc_custom_1449204239642{margin-bottom: 0px !important;}&#8221;][vc_column css=&#8221;.vc_custom_1449204255225{padding-top: 75px !important;padding-right: 115px !important;padding-bottom: 75px !important;padding-left: 115px !important;}&#8221; offset=&#8221;vc_col-lg-4 vc_col-md-4&#8243;][stm_icon icon_size=&#8221;67&#8243; icon_height=&#8221;90&#8243; title_font_size=&#8221;24&#8243; title_font_weight=&#8221;700&#8243; align=&#8221;center&#8221; icon=&#8221;stm-security&#8221;&#8230;<\/p>\n","protected":false},"author":1,"featured_media":0,"parent":0,"menu_order":0,"comment_status":"closed","ping_status":"closed","template":"","meta":{"footnotes":""},"class_list":["post-2000","page","type-page","status-publish","hentry"],"_links":{"self":[{"href":"https:\/\/svtransporte.de\/pt-pt\/wp-json\/wp\/v2\/pages\/2000","targetHints":{"allow":["GET"]}}],"collection":[{"href":"https:\/\/svtransporte.de\/pt-pt\/wp-json\/wp\/v2\/pages"}],"about":[{"href":"https:\/\/svtransporte.de\/pt-pt\/wp-json\/wp\/v2\/types\/page"}],"author":[{"embeddable":true,"href":"https:\/\/svtransporte.de\/pt-pt\/wp-json\/wp\/v2\/users\/1"}],"replies":[{"embeddable":true,"href":"https:\/\/svtransporte.de\/pt-pt\/wp-json\/wp\/v2\/comments?post=2000"}],"version-history":[{"count":1,"href":"https:\/\/svtransporte.de\/pt-pt\/wp-json\/wp\/v2\/pages\/2000\/revisions"}],"predecessor-version":[{"id":2001,"href":"https:\/\/svtransporte.de\/pt-pt\/wp-json\/wp\/v2\/pages\/2000\/revisions\/2001"}],"wp:attachment":[{"href":"https:\/\/svtransporte.de\/pt-pt\/wp-json\/wp\/v2\/media?parent=2000"}],"curies":[{"name":"wp","href":"https:\/\/api.w.org\/{rel}","templated":true}]}}