{"id":1993,"date":"2015-11-19T09:37:44","date_gmt":"2015-11-19T08:37:44","guid":{"rendered":"https:\/\/svtransporte.de\/a-nossa-equipa-2\/"},"modified":"2024-12-01T12:42:10","modified_gmt":"2024-12-01T11:42:10","slug":"impressao","status":"publish","type":"page","link":"https:\/\/svtransporte.de\/pt-pt\/impressao\/","title":{"rendered":"Impress\u00e3o"},"content":{"rendered":"<div class=\"wpb-content-wrapper\"><p>[vc_row][vc_column][vc_column_text css=&#8221;&#8221;]<\/p>\n<h1><strong>Impress\u00e3o<\/strong><\/h1>\n<!-- \/wp:post-content -->\n<p><!-- wp:paragraph -->Informa\u00e7\u00e3o de acordo com \u00a7 5 TMG:<\/p>\n<p><!-- \/wp:paragraph --> <\/p>\n<!-- wp:heading \/-->\n<p><!-- wp:paragraph --><b>SV Transporte GmbH<\/b><\/p>\n<p>Buckbrede 45<\/p>\n<p>48163 M\u00fcnster<\/p>\n<!-- \/wp:paragraph -->\n<p><!-- wp:paragraph -->Telefone: 0049 (0) 2536 \/ 30 15 25 25 7<\/p>\n<p>Fax: 0049 (0) 2536 \/ 30 15 25 25 8<\/p>\n<p>Correio eletr\u00f3nico: info@svtransporte.de<\/p>\n<p>&nbsp;<\/p>\n<p><span style=\"font-size: 14pt;\"><span style=\"font-size: 12pt;\">Diretor-Geral: Vitor Barros<\/span> <\/span><\/p>\n<p>Inscri\u00e7\u00e3o no registo comercial, tribunal de registo: AG M\u00fcnster, n\u00famero de registo: HRB 20929<\/p>\n<p>N\u00famero de identifica\u00e7\u00e3o fiscal de acordo com o \u00a7 27a da lei do imposto sobre vendas: DE 360002143<\/p>\n<p>N\u00famero de identifica\u00e7\u00e3o fiscal: 336\/5725\/6706<\/p>\n<h2><span style=\"font-size: 14pt;\">Autoridade de controlo<\/span><\/h2>\n<p><!-- \/wp:paragraph --> <strong>Servi\u00e7o de Tr\u00e2nsito Rodovi\u00e1rio de M\u00fcnster<\/strong> (Rudolf-Diesel-Stra\u00dfe 5-7, 48157 M\u00fcnster);<\/p>\n<div class=\"el-content uk-panel uk-margin-top\">\n<p><strong>Servi\u00e7o Federal de Log\u00edstica e Mobilidade, BALM<\/strong> (Werderstr. 34, 50672 Col\u00f3nia)<\/p>\n<\/div>\n<p><!-- \/wp:paragraph --> <\/p>\n<!-- wp:heading -->\n<h2><span style=\"font-size: 14pt;\">Refer\u00eancias para as imagens, gr\u00e1ficos e v\u00eddeos utilizados<\/span><\/h2>\n<!-- \/wp:heading -->\n<p><!-- wp:paragraph -->Imagens utilizadas neste website: Jorge da Silva &#8211; Fotografia Robert Schiemann &#8211; Fotografia \/ V\u00eddeo (www.robert-schiemann.com) Shutterstock.com &#8211; Imagens https:\/\/media.daimlertruck.com\/ Imagens  <span style=\"font-size: 14pt;\"><span style=\"font-size: 14pt;\"><!-- \/wp:paragraph --><\/span><\/span><\/p>\n<!-- wp:heading -->\n<h2><span style=\"font-size: 14pt;\">Informa\u00e7\u00e3o ao consumidor sobre resolu\u00e7\u00e3o alternativa de lit\u00edgios (Art 14\u00ba (1) Regulamento ODR e \u00a7 36 VSBG)<\/span><\/h2>\n<!-- \/wp:heading -->\n<p><!-- wp:paragraph -->A plataforma Internet da Uni\u00e3o Europeia para a resolu\u00e7\u00e3o de lit\u00edgios em linha (a chamada &#8220;plataforma OS&#8221;) para consumidores pode ser acedida no seguinte link: http:\/\/ec.europa.eu\/consumers\/odr N\u00e3o participamos em processos de resolu\u00e7\u00e3o de lit\u00edgios perante uma comiss\u00e3o de arbitragem de consumidores.<\/p>\n<p><!-- \/wp:paragraph --> <\/p>\n<!-- wp:heading -->\n<h1><strong><span style=\"font-size: 18pt;\">Declara\u00e7\u00e3o de exonera\u00e7\u00e3o de responsabilidade<\/span><\/strong><\/h1>\n<p><!-- \/wp:heading --> <\/p>\n<!-- wp:heading -->\n<h2><span style=\"font-size: 14pt;\">Responsabilidade pelo conte\u00fado<\/span><\/h2>\n<!-- \/wp:heading -->\n<p><!-- wp:paragraph -->Como prestador de servi\u00e7os, somos, em conformidade com o \u00a7 7 \u00a7 1 TMG \u00e9 respons\u00e1vel pelo seu pr\u00f3prio conte\u00fado nestas p\u00e1ginas, de acordo com as leis gerais. De acordo com os \u00a7\u00a7 8 a 10 TMG, contudo, n\u00e3o somos obrigados, como prestador de servi\u00e7os, a monitorizar informa\u00e7\u00f5es transmitidas ou armazenadas por terceiros ou a investigar circunst\u00e2ncias que indiquem actividade ilegal. As obriga\u00e7\u00f5es de remover ou bloquear a utiliza\u00e7\u00e3o da informa\u00e7\u00e3o de acordo com as leis gerais n\u00e3o s\u00e3o afectadas por isto. No entanto, a responsabilidade a este respeito s\u00f3 \u00e9 poss\u00edvel a partir do momento em que se tem conhecimento de uma infrac\u00e7\u00e3o concreta. Se tivermos conhecimento de tais infrac\u00e7\u00f5es, removeremos imediatamente este conte\u00fado.<\/p>\n<p><!-- \/wp:paragraph --> <\/p>\n<!-- wp:heading -->\n<h2><span style=\"font-size: 14pt;\">Responsabilidade por liga\u00e7\u00f5es<\/span><\/h2>\n<!-- \/wp:heading -->\n<p><!-- wp:paragraph -->A nossa oferta cont\u00e9m links para websites externos de terceiros, sobre cujos conte\u00fados n\u00e3o temos qualquer influ\u00eancia. Por conseguinte, n\u00e3o podemos assumir qualquer responsabilidade por estes conte\u00fados externos. O respectivo fornecedor ou operador das p\u00e1ginas \u00e9 sempre respons\u00e1vel pelo conte\u00fado das p\u00e1ginas ligadas. As p\u00e1ginas ligadas foram verificadas quanto a poss\u00edveis viola\u00e7\u00f5es legais no momento da liga\u00e7\u00e3o. Os conte\u00fados ilegais n\u00e3o eram reconhec\u00edveis no momento da liga\u00e7\u00e3o. No entanto, um controlo permanente do conte\u00fado das p\u00e1ginas ligadas n\u00e3o \u00e9 razo\u00e1vel sem indica\u00e7\u00f5es concretas de uma viola\u00e7\u00e3o da lei. Se tomarmos conhecimento de quaisquer infrac\u00e7\u00f5es \u00e0 lei, removeremos imediatamente tais liga\u00e7\u00f5es.<\/p>\n<p><!-- \/wp:paragraph --> <\/p>\n<!-- wp:heading -->\n<h2><span style=\"font-size: 14pt;\">Direitos de autor<\/span><\/h2>\n<!-- \/wp:heading -->\n<p><!-- wp:paragraph -->Os conte\u00fados e obras criados pelos operadores do s\u00edtio nestas p\u00e1ginas est\u00e3o sujeitos \u00e0 lei alem\u00e3 de direitos de autor. A reprodu\u00e7\u00e3o, edi\u00e7\u00e3o, distribui\u00e7\u00e3o e qualquer tipo de utiliza\u00e7\u00e3o fora dos limites da lei de direitos de autor requerem o consentimento escrito do respectivo autor ou criador. Os downloads e c\u00f3pias desta p\u00e1gina s\u00f3 s\u00e3o permitidos para uso privado e n\u00e3o comercial. Na medida em que o conte\u00fado desta p\u00e1gina n\u00e3o tenha sido criado pelo operador, os direitos de autor de terceiros s\u00e3o respeitados. Em particular, o conte\u00fado de terceiros \u00e9 identificado como tal. No entanto, se tiver conhecimento de uma viola\u00e7\u00e3o dos direitos de autor, informe-nos em conformidade. Se tivermos conhecimento de qualquer infrac\u00e7\u00e3o, removeremos imediatamente esse conte\u00fado. Fontes: eRecht24 Disclaimer, Disclaimer from eRecht24, o portal para o direito da Internet pelo advogado S\u00f6ren Siebert.<\/p>\n<p>[\/vc_column_text][\/vc_column][\/vc_row]<\/p><\/div>","protected":false},"excerpt":{"rendered":"<p>[vc_row][vc_column][vc_column_text css=&#8221;&#8221;] Impress\u00e3o Informa\u00e7\u00e3o de acordo com \u00a7 5 TMG: SV Transporte GmbH Buckbrede 45 48163 M\u00fcnster Telefone: 0049 (0) 2536 \/ 30 15 25 25 7 Fax: 0049 (0) 2536 \/ 30&#8230;<\/p>\n","protected":false},"author":1,"featured_media":0,"parent":0,"menu_order":0,"comment_status":"closed","ping_status":"closed","template":"","meta":{"footnotes":""},"class_list":["post-1993","page","type-page","status-publish","hentry"],"_links":{"self":[{"href":"https:\/\/svtransporte.de\/pt-pt\/wp-json\/wp\/v2\/pages\/1993","targetHints":{"allow":["GET"]}}],"collection":[{"href":"https:\/\/svtransporte.de\/pt-pt\/wp-json\/wp\/v2\/pages"}],"about":[{"href":"https:\/\/svtransporte.de\/pt-pt\/wp-json\/wp\/v2\/types\/page"}],"author":[{"embeddable":true,"href":"https:\/\/svtransporte.de\/pt-pt\/wp-json\/wp\/v2\/users\/1"}],"replies":[{"embeddable":true,"href":"https:\/\/svtransporte.de\/pt-pt\/wp-json\/wp\/v2\/comments?post=1993"}],"version-history":[{"count":7,"href":"https:\/\/svtransporte.de\/pt-pt\/wp-json\/wp\/v2\/pages\/1993\/revisions"}],"predecessor-version":[{"id":2523,"href":"https:\/\/svtransporte.de\/pt-pt\/wp-json\/wp\/v2\/pages\/1993\/revisions\/2523"}],"wp:attachment":[{"href":"https:\/\/svtransporte.de\/pt-pt\/wp-json\/wp\/v2\/media?parent=1993"}],"curies":[{"name":"wp","href":"https:\/\/api.w.org\/{rel}","templated":true}]}}