{"id":1989,"date":"2015-11-20T05:04:53","date_gmt":"2015-11-20T04:04:53","guid":{"rendered":"https:\/\/svtransporte.de\/a-nossa-equipa\/"},"modified":"2023-03-26T14:12:17","modified_gmt":"2023-03-26T12:12:17","slug":"a-nossa-equipa","status":"publish","type":"page","link":"https:\/\/svtransporte.de\/pt-pt\/a-nossa-equipa\/","title":{"rendered":"A nossa equipa"},"content":{"rendered":"<div class=\"wpb-content-wrapper\"><p>[vc_row css=&#8221;.vc_custom_1449143045313{margin-bottom: 20px !important;}&#8221;][vc_column width=&#8221;1\/3&#8243;][vc_custom_heading text=&#8221;A nossa equipa&#8221; use_theme_fonts=&#8221;yes&#8221; css=&#8221;.vc_custom_1675616913083{margin-bottom: 40px !important;}&#8221;][\/vc_column][vc_column width=&#8221;2\/3&#8243; css=&#8221;.vc_custom_1449143050295{margin-bottom: 30px !important;}&#8221;][vc_column_text]Os nossos padr\u00f5es de trabalho, utilizando apenas pessoal de alta qualidade, significa que beneficia de melhores n\u00edveis de servi\u00e7o, maior flexibilidade e entregas atempadas.<\/p>\n<p>A coes\u00e3o na equipa leva a que todos se unam.[\/vc_column_text][\/vc_column][\/vc_row][vc_row css=&#8221;.vc_custom_1448000929840{margin-bottom: 100px !important;}&#8221;][vc_column][stm_staff_list style=&#8221;grid&#8221; per_row=&#8221;3&#8243; count=&#8221;9&#8243;][\/vc_column][\/vc_row][vc_row full_width=&#8221;stretch_row&#8221; css=&#8221;.vc_custom_1450672229543{margin-bottom: 0px !important;padding-top: 78px !important;padding-bottom: 48px !important;}&#8221; el_class=&#8221;secondary_bg_color&#8221;][vc_column width=&#8221;1\/2&#8243; offset=&#8221;vc_col-lg-3 vc_col-md-3&#8243; css=&#8221;.vc_custom_1449142338264{margin-bottom: 30px !important;}&#8221;][stm_counter counter_value=&#8221;2587&#8243; drawing=&#8221;yes&#8221; icon_width_svg=&#8221;65&#8243; icon_size=&#8221;64&#8243; title=&#8221;Projectos&#8221; drawing_icon=&#8221;stm-projects-done&#8221; icon_color=&#8221;#ffffff&#8221;][\/vc_column][vc_column width=&#8221;1\/2&#8243; offset=&#8221;vc_col-lg-3 vc_col-md-3&#8243; css=&#8221;.vc_custom_1449142329000{margin-bottom: 30px !important;}&#8221;][stm_counter counter_value=&#8221;524&#8243; drawing=&#8221;yes&#8221; icon_width_svg=&#8221;64&#8243; icon_size=&#8221;68&#8243; title=&#8221;Clientes a n\u00edvel europeu&#8221; drawing_icon=&#8221;stm-clients-worldwide&#8221; icon_color=&#8221;#ffffff&#8221;][\/vc_column][vc_column width=&#8221;1\/2&#8243; offset=&#8221;vc_col-lg-3 vc_col-md-3&#8243; css=&#8221;.vc_custom_1449142343672{margin-bottom: 30px !important;}&#8221;][stm_counter counter_value=&#8221;18&#8243; drawing=&#8221;yes&#8221; icon_width=&#8221;80&#8243; icon_width_svg=&#8221;52&#8243; icon_size=&#8221;67&#8243; title=&#8221;Ve\u00edculos&#8221; drawing_icon=&#8221;stm-owned-vehicles&#8221; icon_color=&#8221;#ffffff&#8221;][\/vc_column][vc_column width=&#8221;1\/2&#8243; offset=&#8221;vc_col-lg-3 vc_col-md-3&#8243; css=&#8221;.vc_custom_1449142350247{margin-bottom: 30px !important;}&#8221;][stm_counter counter_value=&#8221;16&#8243; drawing=&#8221;yes&#8221; icon_width=&#8221;100&#8243; icon_width_svg=&#8221;68&#8243; icon_size=&#8221;67&#8243; title=&#8221;Equipa&#8221; drawing_icon=&#8221;stm-people-in-team&#8221; icon_color=&#8221;#ffffff&#8221;][\/vc_column][\/vc_row]<\/p>\n<\/div>","protected":false},"excerpt":{"rendered":"<p>[vc_row css=&#8221;.vc_custom_1449143045313{margin-bottom: 20px !important;}&#8221;][vc_column width=&#8221;1\/3&#8243;][vc_custom_heading text=&#8221;A nossa equipa&#8221; use_theme_fonts=&#8221;yes&#8221; css=&#8221;.vc_custom_1675616913083{margin-bottom: 40px !important;}&#8221;][\/vc_column][vc_column width=&#8221;2\/3&#8243; css=&#8221;.vc_custom_1449143050295{margin-bottom: 30px !important;}&#8221;][vc_column_text]Os nossos padr\u00f5es de trabalho, utilizando apenas pessoal de alta qualidade, significa que beneficia de melhores n\u00edveis de&#8230;<\/p>\n","protected":false},"author":1,"featured_media":0,"parent":0,"menu_order":0,"comment_status":"closed","ping_status":"closed","template":"","meta":{"footnotes":""},"class_list":["post-1989","page","type-page","status-publish","hentry"],"_links":{"self":[{"href":"https:\/\/svtransporte.de\/pt-pt\/wp-json\/wp\/v2\/pages\/1989","targetHints":{"allow":["GET"]}}],"collection":[{"href":"https:\/\/svtransporte.de\/pt-pt\/wp-json\/wp\/v2\/pages"}],"about":[{"href":"https:\/\/svtransporte.de\/pt-pt\/wp-json\/wp\/v2\/types\/page"}],"author":[{"embeddable":true,"href":"https:\/\/svtransporte.de\/pt-pt\/wp-json\/wp\/v2\/users\/1"}],"replies":[{"embeddable":true,"href":"https:\/\/svtransporte.de\/pt-pt\/wp-json\/wp\/v2\/comments?post=1989"}],"version-history":[{"count":6,"href":"https:\/\/svtransporte.de\/pt-pt\/wp-json\/wp\/v2\/pages\/1989\/revisions"}],"predecessor-version":[{"id":2481,"href":"https:\/\/svtransporte.de\/pt-pt\/wp-json\/wp\/v2\/pages\/1989\/revisions\/2481"}],"wp:attachment":[{"href":"https:\/\/svtransporte.de\/pt-pt\/wp-json\/wp\/v2\/media?parent=1989"}],"curies":[{"name":"wp","href":"https:\/\/api.w.org\/{rel}","templated":true}]}}