{"id":1986,"date":"2015-11-19T05:17:17","date_gmt":"2015-11-19T04:17:17","guid":{"rendered":"https:\/\/svtransporte.de\/estamos-a-sua-procura\/"},"modified":"2023-03-24T19:41:25","modified_gmt":"2023-03-24T18:41:25","slug":"estamos-a-sua-procura","status":"publish","type":"page","link":"https:\/\/svtransporte.de\/pt-pt\/estamos-a-sua-procura\/","title":{"rendered":"Procuramos vo\u00e7\u00ea"},"content":{"rendered":"<div class=\"wpb-content-wrapper\"><p>[vc_row css=&#8221;.vc_custom_1449144040608{margin-bottom: 80px !important;}&#8221;][vc_column width=&#8221;1\/4&#8243; offset=&#8221;vc_hidden-sm vc_hidden-xs&#8221;][stm_sidebar sidebar=&#8221;784&#8243;][\/vc_column][vc_column offset=&#8221;vc_col-lg-9 vc_col-md-9&#8243;][vc_column_text css=&#8221;.vc_custom_1676462825685{margin-bottom: 60px !important;}&#8221;]<\/p>\n<h2>Porqu\u00ea fazer uma carreira na SV Transporte<\/h2>\n<p>Como empresa familiar, estamos solidamente posicionados e, portanto, competitivos.<br \/>\nOs nossos pontos fortes incluem empenho, dedica\u00e7\u00e3o, estabilidade, confian\u00e7a, flexibilidade e unidade.<\/p>\n<p>Como oferecer:<\/p>\n<table style=\"border-collapse: collapse; width: 100%;\">\n<tbody>\n<tr>\n<td style=\"width: 50%;\">\n<ul>\n<li>Perspectivas atractivas de carreira<\/li>\n<\/ul>\n<\/td>\n<td style=\"width: 50%;\">\n<ul>\n<li>Grande equipa<\/li>\n<\/ul>\n<\/td>\n<\/tr>\n<tr>\n<td style=\"width: 50%;\">\n<ul>\n<li>Compromisso &amp; Lealdade<\/li>\n<\/ul>\n<\/td>\n<td style=\"width: 50%;\">\n<ul>\n<li>Valores comuns<\/li>\n<\/ul>\n<\/td>\n<\/tr>\n<tr>\n<td style=\"width: 50%;\">\n<ul>\n<li>Experi\u00eancia &amp; sustentabilidade<\/li>\n<\/ul>\n<\/td>\n<td style=\"width: 50%;\">\n<ul>\n<li>Seguran\u00e7a<\/li>\n<\/ul>\n<\/td>\n<\/tr>\n<\/tbody>\n<\/table>\n<p>Encontrar\u00e1 um elevado grau de estabilidade empresarial em termos de lideran\u00e7a, estrutura e cultura empresarial.<br \/>\nDamos grande import\u00e2ncia a vis\u00f5es a longo prazo e a mold\u00e1-las da melhor forma poss\u00edvel.<\/p>\n<p><strong>Torne-se parte da nossa vis\u00e3o e entre em contacto connosco.<\/strong>[\/vc_column_text][vc_video link=&#8221;https:\/\/vimeo.com\/793838596&#8243;][vc_custom_heading text=&#8221;Estamos \u00e0 sua procura&#8221; use_theme_fonts=&#8221;yes&#8221;][stm_vacancies][\/vc_column][\/vc_row]<\/p>\n<\/div>","protected":false},"excerpt":{"rendered":"<p>[vc_row css=&#8221;.vc_custom_1449144040608{margin-bottom: 80px !important;}&#8221;][vc_column width=&#8221;1\/4&#8243; offset=&#8221;vc_hidden-sm vc_hidden-xs&#8221;][stm_sidebar sidebar=&#8221;784&#8243;][\/vc_column][vc_column offset=&#8221;vc_col-lg-9 vc_col-md-9&#8243;][vc_column_text css=&#8221;.vc_custom_1676462825685{margin-bottom: 60px !important;}&#8221;] Porqu\u00ea fazer uma carreira na SV Transporte Como empresa familiar, estamos solidamente posicionados e, portanto, competitivos. Os nossos pontos fortes&#8230;<\/p>\n","protected":false},"author":1,"featured_media":0,"parent":0,"menu_order":0,"comment_status":"closed","ping_status":"closed","template":"","meta":{"footnotes":""},"class_list":["post-1986","page","type-page","status-publish","hentry"],"_links":{"self":[{"href":"https:\/\/svtransporte.de\/pt-pt\/wp-json\/wp\/v2\/pages\/1986","targetHints":{"allow":["GET"]}}],"collection":[{"href":"https:\/\/svtransporte.de\/pt-pt\/wp-json\/wp\/v2\/pages"}],"about":[{"href":"https:\/\/svtransporte.de\/pt-pt\/wp-json\/wp\/v2\/types\/page"}],"author":[{"embeddable":true,"href":"https:\/\/svtransporte.de\/pt-pt\/wp-json\/wp\/v2\/users\/1"}],"replies":[{"embeddable":true,"href":"https:\/\/svtransporte.de\/pt-pt\/wp-json\/wp\/v2\/comments?post=1986"}],"version-history":[{"count":2,"href":"https:\/\/svtransporte.de\/pt-pt\/wp-json\/wp\/v2\/pages\/1986\/revisions"}],"predecessor-version":[{"id":2403,"href":"https:\/\/svtransporte.de\/pt-pt\/wp-json\/wp\/v2\/pages\/1986\/revisions\/2403"}],"wp:attachment":[{"href":"https:\/\/svtransporte.de\/pt-pt\/wp-json\/wp\/v2\/media?parent=1986"}],"curies":[{"name":"wp","href":"https:\/\/api.w.org\/{rel}","templated":true}]}}