{"id":1985,"date":"2015-11-17T04:19:36","date_gmt":"2015-11-17T03:19:36","guid":{"rendered":"https:\/\/svtransporte.de\/sobre-nos\/"},"modified":"2023-03-24T19:43:01","modified_gmt":"2023-03-24T18:43:01","slug":"sobre-nos","status":"publish","type":"page","link":"https:\/\/svtransporte.de\/pt-pt\/sobre-nos\/","title":{"rendered":"Empresa"},"content":{"rendered":"<div class=\"wpb-content-wrapper\"><p>[vc_row css=&#8221;.vc_custom_1448604362911{margin-bottom: 100px !important;}&#8221;][vc_column offset=&#8221;vc_col-lg-9 vc_col-md-9&#8243;][vc_row_inner css=&#8221;.vc_custom_1449140720718{margin-bottom: 0px !important;}&#8221;][vc_column_inner offset=&#8221;vc_hidden-xs&#8221; css=&#8221;.vc_custom_1449140656921{margin-bottom: 80px !important;}&#8221;][rev_slider_vc alias=&#8221;about_us_slider&#8221;][\/vc_column_inner][\/vc_row_inner][vc_column_text css=&#8221;.vc_custom_1678725594114{margin-bottom: 30px !important;}&#8221;]<\/p>\n<h2>SVTransporte &#8211; Somos n\u00f3s!<\/h2>\n<p>A SV Transporte \u00e9 uma empresa familiar fundada em 2009 que entrega sempre a sua carga de forma r\u00e1pida, segura e rent\u00e1vel no destino desejado.<\/p>\n<p>Oferecemos solu\u00e7\u00f5es completas a fim de realizar de forma flex\u00edvel a solu\u00e7\u00e3o de transporte ideal juntamente consigo, desde o planeamento at\u00e9 \u00e0 execu\u00e7\u00e3o.<\/p>\n<p>&nbsp;<\/p>\n<p>&nbsp;<\/p>\n<h2>A nossa miss\u00e3o<\/h2>\n<p>[\/vc_column_text][vc_row_inner css=&#8221;.vc_custom_1448605934156{margin-bottom: 80px !important;}&#8221;][vc_column_inner width=&#8221;1\/2&#8243;][vc_column_text css=&#8221;.vc_custom_1678706555461{margin-bottom: 30px !important;}&#8221;]<\/p>\n<ul class=\"style_3\">\n<li>Prestamos servi\u00e7os ao cliente com consci\u00eancia ambiental<\/li>\n<li>Oferecer aos nossos empregados um ambiente de trabalho atractivo<\/li>\n<li>S\u00e3o um parceiro activo da comunidade<\/li>\n<li>Aderir a elevados padr\u00f5es \u00e9ticos<\/li>\n<\/ul>\n<p>[\/vc_column_text][\/vc_column_inner][vc_column_inner width=&#8221;1\/2&#8243;][vc_column_text]<\/p>\n<ul class=\"style_3\">\n<li>Conduzir melhorias cont\u00ednuas<\/li>\n<li>Seguran\u00e7a do transporte de mercadorias<\/li>\n<li>Desalfandegamento altamente eficiente<\/li>\n<li>Garantimos seguran\u00e7a absoluta<\/li>\n<\/ul>\n<p>[\/vc_column_text][\/vc_column_inner][\/vc_row_inner][vc_custom_heading text=&#8221;Os nossos parceiros&#8221; use_theme_fonts=&#8221;yes&#8221;][stm_image_carousel img_size=&#8221;full&#8221; autoplay=&#8221;yes&#8221; loop=&#8221;yes&#8221; items=&#8221;5&#8243; items_mobile=&#8221;2&#8243; images=&#8221;1415,1417,1420,1422,1424,1426,1429,1431,1433,1435,1437,1442&#8243; css=&#8221;.vc_custom_1670345058469{margin-bottom: 80px !important;}&#8221;][\/vc_column][vc_column width=&#8221;1\/4&#8243; offset=&#8221;vc_hidden-sm vc_hidden-xs&#8221;][stm_sidebar sidebar=&#8221;272&#8243;][\/vc_column][\/vc_row]<\/p>\n<\/div>","protected":false},"excerpt":{"rendered":"<p>[vc_row css=&#8221;.vc_custom_1448604362911{margin-bottom: 100px !important;}&#8221;][vc_column offset=&#8221;vc_col-lg-9 vc_col-md-9&#8243;][vc_row_inner css=&#8221;.vc_custom_1449140720718{margin-bottom: 0px !important;}&#8221;][vc_column_inner offset=&#8221;vc_hidden-xs&#8221; css=&#8221;.vc_custom_1449140656921{margin-bottom: 80px !important;}&#8221;][rev_slider_vc alias=&#8221;about_us_slider&#8221;][\/vc_column_inner][\/vc_row_inner][vc_column_text css=&#8221;.vc_custom_1678725594114{margin-bottom: 30px !important;}&#8221;] SVTransporte &#8211; Somos n\u00f3s! A SV Transporte \u00e9 uma empresa familiar fundada em 2009 que entrega&#8230;<\/p>\n","protected":false},"author":1,"featured_media":0,"parent":0,"menu_order":0,"comment_status":"closed","ping_status":"closed","template":"","meta":{"footnotes":""},"class_list":["post-1985","page","type-page","status-publish","hentry"],"_links":{"self":[{"href":"https:\/\/svtransporte.de\/pt-pt\/wp-json\/wp\/v2\/pages\/1985","targetHints":{"allow":["GET"]}}],"collection":[{"href":"https:\/\/svtransporte.de\/pt-pt\/wp-json\/wp\/v2\/pages"}],"about":[{"href":"https:\/\/svtransporte.de\/pt-pt\/wp-json\/wp\/v2\/types\/page"}],"author":[{"embeddable":true,"href":"https:\/\/svtransporte.de\/pt-pt\/wp-json\/wp\/v2\/users\/1"}],"replies":[{"embeddable":true,"href":"https:\/\/svtransporte.de\/pt-pt\/wp-json\/wp\/v2\/comments?post=1985"}],"version-history":[{"count":2,"href":"https:\/\/svtransporte.de\/pt-pt\/wp-json\/wp\/v2\/pages\/1985\/revisions"}],"predecessor-version":[{"id":2402,"href":"https:\/\/svtransporte.de\/pt-pt\/wp-json\/wp\/v2\/pages\/1985\/revisions\/2402"}],"wp:attachment":[{"href":"https:\/\/svtransporte.de\/pt-pt\/wp-json\/wp\/v2\/media?parent=1985"}],"curies":[{"name":"wp","href":"https:\/\/api.w.org\/{rel}","templated":true}]}}